{"id":10,"date":"2012-10-21T17:49:23","date_gmt":"2012-10-21T17:49:23","guid":{"rendered":"http:\/\/odz.sk\/en\/?page_id=10"},"modified":"2015-05-04T17:32:09","modified_gmt":"2015-05-04T17:32:09","slug":"support-us","status":"publish","type":"page","link":"http:\/\/odz.sk\/en\/support-us\/","title":{"rendered":"PLEASE DONATE"},"content":{"rendered":"<p>Thanks to your donations we will be able to continue resolving particular human rights and discrimination cases, lead educational campaigns to raise public awareness and promote positive changes. All of these areas require long-term engagement and attention. If you decide to support us through regular donations (on a monthly basis, for example), you will help us plan better and work more effectively.<\/p>\n<p>&nbsp;<\/p>\n<p><strong>Please, send your donations to SBERBANK Slovensko:<\/strong><\/p>\n<ul>\n<li>bank account No.: 4110 053\u00a0902 \/ 3100 (payments made from Slovakia)<\/li>\n<li>IBAN SK60 3100 0000 0041 1005 3902 (payments from abroad)<\/li>\n<\/ul>\n<p>&nbsp;<\/p>\n<p><strong>Donations by postal money order (R type):<\/strong><\/p>\n<ul>\n<li>SBERBANK Slovensko \u2013 bank code 3100<\/li>\n<li>bank account No.: 4 110 053 902<\/li>\n<li>constant symbol: 3558<\/li>\n<li>variable symbol: not required<\/li>\n<li>address of the organisation: Ob\u010dan, demokracia a zodpovednos\u0165, Z\u00e1hradn\u00edcka ul. 52, 821 08 Bratislava<\/li>\n<li>note for recipient: voluntary donation<\/li>\n<\/ul>\n<p><strong>More information about other forms of support<\/strong> &#8211; support <a href=\"http:\/\/dakujeme.sme.sk\/organizacia\/66\/obcan-demokracia-a-zodpovednost\">online<\/a>, <a href=\"http:\/\/odz.sk\/podporte-nas\/\">2% of income tax<\/a><\/p>\n<p>&nbsp;<br \/>\nWe will be pleased to answer all of your <strong>questions <\/strong>concerning donations and support at <a href=\"mailto:odz@odz.sk\">odz@odz.sk<\/a> or <a href=\"mailto:sekretariat@odz.sk\">sekretariat@odz.sk<\/a>.<\/p>\n<p>&nbsp;<br \/>\nIf you wish to cooperate with us and support our activities through <strong>corporate donations<\/strong>, contact our executive director \u0160arlota Pufflerov\u00e1 at <a href=\"pufflerova@odz.sk\">pufflerova@odz.sk<\/a>, please.<\/p>\n<p>&nbsp;<br \/>\n<strong>Your support has helped us promote equality and non-discrimination for more than twenty years. Thank you!<\/strong><\/p>\n<p>&nbsp;<\/p>\n","protected":false},"excerpt":{"rendered":"<p>Thanks to your donations we will be able to continue resolving particular human rights and discrimination cases, lead educational campaigns to raise public awareness and promote positive changes. All of these areas require long-term engagement and attention. If you decide to support us through regular donations (on a monthly basis, for example), you will help [&hellip;]<\/p>\n","protected":false},"author":1,"featured_media":0,"parent":0,"menu_order":0,"comment_status":"open","ping_status":"open","template":"","meta":[],"_links":{"self":[{"href":"http:\/\/odz.sk\/en\/wp-json\/wp\/v2\/pages\/10"}],"collection":[{"href":"http:\/\/odz.sk\/en\/wp-json\/wp\/v2\/pages"}],"about":[{"href":"http:\/\/odz.sk\/en\/wp-json\/wp\/v2\/types\/page"}],"author":[{"embeddable":true,"href":"http:\/\/odz.sk\/en\/wp-json\/wp\/v2\/users\/1"}],"replies":[{"embeddable":true,"href":"http:\/\/odz.sk\/en\/wp-json\/wp\/v2\/comments?post=10"}],"version-history":[{"count":9,"href":"http:\/\/odz.sk\/en\/wp-json\/wp\/v2\/pages\/10\/revisions"}],"predecessor-version":[{"id":363,"href":"http:\/\/odz.sk\/en\/wp-json\/wp\/v2\/pages\/10\/revisions\/363"}],"wp:attachment":[{"href":"http:\/\/odz.sk\/en\/wp-json\/wp\/v2\/media?parent=10"}],"curies":[{"name":"wp","href":"https:\/\/api.w.org\/{rel}","templated":true}]}}