{"id":33,"date":"2012-10-23T13:57:02","date_gmt":"2012-10-23T13:57:02","guid":{"rendered":"http:\/\/odz.sk\/en\/?page_id=33"},"modified":"2024-10-11T08:51:23","modified_gmt":"2024-10-11T08:51:23","slug":"people-in-cda","status":"publish","type":"page","link":"http:\/\/odz.sk\/en\/people-in-cda\/","title":{"rendered":"PEOPLE IN CDA"},"content":{"rendered":"<h3><strong>OUR TEAM<\/strong><\/h3>\n<ul>\n<li><a href=\"http:\/\/odz.sk\/en\/sarlota-pufflerova\/\">\u0160arlota Pufflerov\u00e1<\/a><br \/>executive director, project manager, consultant, psychologist<br \/><a href=\"mailto:pufflerova@odz.sk\">pufflerova@odz.sk<\/a><\/li>\n<\/ul>\n<ul>\n<li><a href=\"http:\/\/odz.sk\/en\/janka-debreceniova\/\">Janka Debrec\u00e9niov\u00e1<\/a><br \/>lawyer, consultant<br \/><a href=\"mailto:debreceniova@odz.sk\">debreceniova@odz.sk<\/a><\/li>\n<\/ul>\n<ul>\n<li><a href=\"http:\/\/odz.sk\/?p=1427\">Daniela Lama\u010dkov\u00e1<\/a><br \/>consultant, lecturer, lawyer<br \/><a href=\"mailto:lamackova@odz.sk\">lamackova@odz.sk<\/a><\/li>\n<\/ul>\n<ul>\n<li><a href=\"http:\/\/odz.sk\/?p=1420\">\u013dubica Trub\u00edniov\u00e1<\/a><br \/>media manager<br \/><a href=\"mailto:trubiniova@odz.sk\">trubiniova@odz.sk<\/a><\/li>\n<\/ul>\n<ul>\n<li><a href=\"http:\/\/odz.sk\/?p=1413\">\u013dudmila Paukov\u00e1<\/a><br \/>accountant<br \/><a href=\"mailto:paukova@odz.sk\">paukova@odz.sk<\/a><\/li>\n<\/ul>\n<div>\u00a0<\/div>\n<div>\u00a0<\/div>\n\n\n<p><\/p>\n","protected":false},"excerpt":{"rendered":"<p>OUR TEAM \u0160arlota Pufflerov\u00e1executive director, project manager, consultant, psychologistpufflerova@odz.sk Janka Debrec\u00e9niov\u00e1lawyer, consultantdebreceniova@odz.sk Daniela Lama\u010dkov\u00e1consultant, lecturer, lawyerlamackova@odz.sk \u013dubica Trub\u00edniov\u00e1media managertrubiniova@odz.sk \u013dudmila Paukov\u00e1accountantpaukova@odz.sk \u00a0 \u00a0<\/p>\n","protected":false},"author":1,"featured_media":0,"parent":0,"menu_order":0,"comment_status":"open","ping_status":"open","template":"","meta":[],"_links":{"self":[{"href":"http:\/\/odz.sk\/en\/wp-json\/wp\/v2\/pages\/33"}],"collection":[{"href":"http:\/\/odz.sk\/en\/wp-json\/wp\/v2\/pages"}],"about":[{"href":"http:\/\/odz.sk\/en\/wp-json\/wp\/v2\/types\/page"}],"author":[{"embeddable":true,"href":"http:\/\/odz.sk\/en\/wp-json\/wp\/v2\/users\/1"}],"replies":[{"embeddable":true,"href":"http:\/\/odz.sk\/en\/wp-json\/wp\/v2\/comments?post=33"}],"version-history":[{"count":22,"href":"http:\/\/odz.sk\/en\/wp-json\/wp\/v2\/pages\/33\/revisions"}],"predecessor-version":[{"id":964,"href":"http:\/\/odz.sk\/en\/wp-json\/wp\/v2\/pages\/33\/revisions\/964"}],"wp:attachment":[{"href":"http:\/\/odz.sk\/en\/wp-json\/wp\/v2\/media?parent=33"}],"curies":[{"name":"wp","href":"https:\/\/api.w.org\/{rel}","templated":true}]}}