{"id":38,"date":"2012-10-23T13:59:17","date_gmt":"2012-10-23T13:59:17","guid":{"rendered":"http:\/\/odz.sk\/en\/?page_id=38"},"modified":"2012-11-16T00:03:51","modified_gmt":"2012-11-16T00:03:51","slug":"partner-organisations","status":"publish","type":"page","link":"http:\/\/odz.sk\/en\/partner-organisations\/","title":{"rendered":"PARTNER ORGANISATIONS"},"content":{"rendered":"<p>During the many years of its existence, our organisation has often worked in partnerships \u2013 strategic and programme partnerships, long-term ones, as well as those linked to particular activities or projects. In the critical moments of Slovakia\u2019s most recent history our organisation was actively engaged in numerous initiatives shaped by non-governmental organisations in order to enforce democratic principles in the process of transition to democracy and reforms. The <strong>Ob\u010dianska kampa\u0148 \u00b498\u00a0 <\/strong>project <strong>(Civic Campaign \u201998, also known as OK\u201998) <\/strong>we ran during a pre-election period at the end of 1990s and the <strong>Initiative for a Good Law on Access to Information<\/strong>, launched in 2000 and still running, are perhaps among the most important. Later we established natural partnerships and alliances with organisations advocating public interests, the right to equality and women\u2019s human rights in particular.<\/p>\n<p>&nbsp;<\/p>\n<h3>Strategic partner organisations<\/h3>\n<p>Female interest association ASPEKT &#8211; <a href=\"http:\/\/www.aspekt.sk\/en\/aspekt_english\">www.aspekt.sk<\/a><\/p>\n<p>Mo\u017enos\u0165 vo\u013eby &#8211; <a href=\"http:\/\/moznostvolby.wordpress.com\/english\/\">www.moznostvolby.sk<\/a><\/p>\n<p>Center for Reproductive Rights (New York) &#8211; <a href=\"http:\/\/www.reproductiverights.org\/\">www.reproductiverights.org<\/a><\/p>\n<p>Pr\u00e1vna klinika na Pr\u00e1vnickej fakulte UPJ\u0160 v\u00a0Ko\u0161iciach (Law Clinic at the Faculty of Law at UPJ\u0160 in Ko\u0161ice)<\/p>\n<p>Porad\u0148a pre \u013eudsk\u00e9 a\u00a0ob\u010dianske pr\u00e1va (Center for Civil and Human Rights) &#8211; <a href=\"http:\/\/poradna-prava.sk\/?cat=3&amp;lang=en\">www.poradna-prava.sk<\/a><\/p>\n<p>&nbsp;<\/p>\n<h3>Cooperating organisations and institutions<\/h3>\n<p>Human European Consultancy (Utrecht) &#8211; <a href=\"http:\/\/www.humanconsultancy.com\/\">www.humanconsultancy.com<\/a><\/p>\n<p>Street Law Clinic of Georgetown University Law Center (Washington) &#8211; <a href=\"http:\/\/www.georgetown.edu\/\">www.georgetown.edu<\/a><\/p>\n<p>Arsis Association for the Social Support of Youth (Athens) &#8211; <a href=\"http:\/\/www.arsis.gr\/\">www.arsis.gr<\/a><\/p>\n<p>Polskie Stowarzyszenie Edukacji Prawnej (Warsaw) &#8211; <a href=\"http:\/\/www.psep.pl\/\">www.psep.pl<\/a><\/p>\n<p>ANTARES 2000 (Rome) &#8211; <a href=\"http:\/\/www.antares2000.org\/\">www.antares2000.org<\/a><\/p>\n<p>Minority Rights Group International (London) &#8211; <a href=\"http:\/\/www.minorityrights.org\/\">www.minorityrights.org<\/a><\/p>\n<p>Transparency International Slovensko &#8211; <a href=\"http:\/\/www.transparency.sk\/en\">www.transparency.sk<\/a><\/p>\n<p>World Learning Bulgaria (Sofia) &#8211; <a href=\"http:\/\/www.worldlearning.bg\/\">www.worldlearning.bg<\/a><\/p>\n<p>Ekologick\u00fd pr\u00e1vn\u00ed servis\/Environmental Law Service (Brno) &#8211; <a href=\"http:\/\/en.eps.cz\/\">www.eps.cz<\/a><\/p>\n<p>Liga pro lidsk\u00e1 pr\u00e1va (T\u00e1bor) &#8211; <a href=\"http:\/\/www.llp.cz\/\">www.llp.cz<\/a><\/p>\n<p>&nbsp;<\/p>\n<p>IVO, Institute for Public Affairs &#8211; <a href=\"http:\/\/www.ivo.sk\/106\/en\/home\">www.ivo.sk<\/a><\/p>\n<p>PDCS &#8211; <a href=\"http:\/\/www.pdcs.sk\/\">www.pdcs.sk<\/a><\/p>\n<p>Hlava 98 &#8211; <a href=\"http:\/\/www.hlava.sk\/\">www.hlava.sk<\/a><\/p>\n<p>Via Iuris &#8211; <a href=\"http:\/\/www.viaiuris.sk\/\">www.viaiuris.sk<\/a><\/p>\n<p>Amnesty International Slovensko &#8211; <a href=\"http:\/\/www.amnesty.sk\/\">www.amnesty.sk<\/a><\/p>\n<p>Law Clinic and the Universityof Trnava- <a href=\"http:\/\/www.lawclinic.sk\/\">www.lawclinic.sk<\/a><\/p>\n<p>\u013dudia proti rasizmu &#8211; <a href=\"http:\/\/www.rasizmus.sk\/\">www.rasizmus.sk<\/a><\/p>\n<p>Odyseus &#8211; <a href=\"http:\/\/www.ozodyseus.sk\/\">www.ozodyseus.sk<\/a><\/p>\n<p>Office of the Government of the SlovakRepublic- <a href=\"http:\/\/www.vlada.gov.sk\/\">www.vlada.gov.sk<\/a> <strong><\/strong><\/p>\n<p>Presidium of the Police Force of the SlovakRepublic- <a href=\"http:\/\/www.minv.sk\/?policia\">www.minv.sk\/?policia<\/a><\/p>\n<p>Directorate General of the Prison and Justice Guard Corps of the SlovakRepublic- <a href=\"http:\/\/www.zvjs.sk\/\">www.zvjs.sk<\/a><\/p>\n<p>In\u0161tit\u00fat vzdel\u00e1vania ZVJS (Nitra) &#8211; <a href=\"http:\/\/www.zvjs.sk\/?institut_vzdelavania_zvjs_nr\">www.zvjs.sk\/?institut_vzdelavania_zvjs_nr<\/a><\/p>\n<p>&nbsp;<\/p>\n<p>Our members, Janka Debrec\u00e9niov\u00e1 and\u00a0\u0160arlota Pufflerov\u00e1, actively work in the government\u2019s advisory bodies \u2013 the Government Council for Human Rights, National Minority and Gender Equalities and some of its committees (Gender Equality Committee, Committee for Human Rights Research, Training and Education).<\/p>\n","protected":false},"excerpt":{"rendered":"<p>During the many years of its existence, our organisation has often worked in partnerships \u2013 strategic and programme partnerships, long-term ones, as well as those linked to particular activities or projects. In the critical moments of Slovakia\u2019s most recent history our organisation was actively engaged in numerous initiatives shaped by non-governmental organisations in order to [&hellip;]<\/p>\n","protected":false},"author":1,"featured_media":0,"parent":0,"menu_order":0,"comment_status":"open","ping_status":"open","template":"","meta":[],"_links":{"self":[{"href":"http:\/\/odz.sk\/en\/wp-json\/wp\/v2\/pages\/38"}],"collection":[{"href":"http:\/\/odz.sk\/en\/wp-json\/wp\/v2\/pages"}],"about":[{"href":"http:\/\/odz.sk\/en\/wp-json\/wp\/v2\/types\/page"}],"author":[{"embeddable":true,"href":"http:\/\/odz.sk\/en\/wp-json\/wp\/v2\/users\/1"}],"replies":[{"embeddable":true,"href":"http:\/\/odz.sk\/en\/wp-json\/wp\/v2\/comments?post=38"}],"version-history":[{"count":6,"href":"http:\/\/odz.sk\/en\/wp-json\/wp\/v2\/pages\/38\/revisions"}],"predecessor-version":[{"id":278,"href":"http:\/\/odz.sk\/en\/wp-json\/wp\/v2\/pages\/38\/revisions\/278"}],"wp:attachment":[{"href":"http:\/\/odz.sk\/en\/wp-json\/wp\/v2\/media?parent=38"}],"curies":[{"name":"wp","href":"https:\/\/api.w.org\/{rel}","templated":true}]}}