{"id":4,"date":"2012-10-21T17:43:55","date_gmt":"2012-10-21T17:43:55","guid":{"rendered":"http:\/\/odz.sk\/en\/?page_id=4"},"modified":"2023-01-31T20:28:21","modified_gmt":"2023-01-31T20:28:21","slug":"about-us","status":"publish","type":"page","link":"http:\/\/odz.sk\/en\/about-us\/","title":{"rendered":"CONTACT"},"content":{"rendered":"<p><strong>CITIZEN, DEMOCRACY AND ACCOUNTABILITY<\/strong> (English)<br \/>\n<strong>OB\u010cAN, DEMOKRACIA A ZODPOVEDNOS\u0164 <\/strong>(Slovak)<br \/>\nLegal form: civic association<\/p>\n<p><strong>Address:<\/strong><br \/>\nZ\u00e1hradn\u00edcka ul. 52<br \/>\n821 08 Bratislava<\/p>\n<p><strong>Contact:<\/strong><br \/>\ne-mail:\u00a0<a href=\"mailto:odz@odz.sk\">odz@odz.sk<\/a>, <a href=\"mailto:sekretariat@oad.sk\">sekretariat@odz.sk<\/a><\/p>\n<p>Registered with the Ministry of the Interior of the Slovak Republic under reg. No. VVS\/1-900\/90-10692 on 4. 3. 1992, updated on 7. 1. 2010 under reg. No. VVS\/1-900\/90-10692-2<br \/>\nIdentification number (I\u010cO) &#8211; 3077 8204<br \/>\nTax identification number (DI\u010c) &#8211; 2020 809 527<\/p>\n","protected":false},"excerpt":{"rendered":"<p>CITIZEN, DEMOCRACY AND ACCOUNTABILITY (English) OB\u010cAN, DEMOKRACIA A ZODPOVEDNOS\u0164 (Slovak) Legal form: civic association Address: Z\u00e1hradn\u00edcka ul. 52 821 08 Bratislava Contact: e-mail:\u00a0odz@odz.sk, sekretariat@odz.sk Registered with the Ministry of the Interior of the Slovak Republic under reg. No. VVS\/1-900\/90-10692 on 4. 3. 1992, updated on 7. 1. 2010 under reg. No. VVS\/1-900\/90-10692-2 Identification number (I\u010cO) [&hellip;]<\/p>\n","protected":false},"author":1,"featured_media":0,"parent":0,"menu_order":0,"comment_status":"open","ping_status":"open","template":"","meta":[],"_links":{"self":[{"href":"http:\/\/odz.sk\/en\/wp-json\/wp\/v2\/pages\/4"}],"collection":[{"href":"http:\/\/odz.sk\/en\/wp-json\/wp\/v2\/pages"}],"about":[{"href":"http:\/\/odz.sk\/en\/wp-json\/wp\/v2\/types\/page"}],"author":[{"embeddable":true,"href":"http:\/\/odz.sk\/en\/wp-json\/wp\/v2\/users\/1"}],"replies":[{"embeddable":true,"href":"http:\/\/odz.sk\/en\/wp-json\/wp\/v2\/comments?post=4"}],"version-history":[{"count":24,"href":"http:\/\/odz.sk\/en\/wp-json\/wp\/v2\/pages\/4\/revisions"}],"predecessor-version":[{"id":942,"href":"http:\/\/odz.sk\/en\/wp-json\/wp\/v2\/pages\/4\/revisions\/942"}],"wp:attachment":[{"href":"http:\/\/odz.sk\/en\/wp-json\/wp\/v2\/media?parent=4"}],"curies":[{"name":"wp","href":"https:\/\/api.w.org\/{rel}","templated":true}]}}