{"id":68,"date":"2012-10-23T14:41:17","date_gmt":"2012-10-23T14:41:17","guid":{"rendered":"http:\/\/odz.sk\/en\/?page_id=68"},"modified":"2012-11-29T17:04:21","modified_gmt":"2012-11-29T17:04:21","slug":"institutions","status":"publish","type":"page","link":"http:\/\/odz.sk\/en\/institutions\/","title":{"rendered":"INSTITUTIONS"},"content":{"rendered":"<h4>Ministerstv\u00e1 a ostatn\u00e9 \u00fastredn\u00e9 org\u00e1ny \u0161t\u00e1tnej spr\u00e1vy<\/h4>\n<ul>\n<li><a href=\"http:\/\/www.prezident.sk\/?introduction\">Office of the President of the SR<\/a><\/li>\n<li><a href=\"http:\/\/www.nrsr.sk\/web\/\">National Council of the SR<\/a><\/li>\n<li><a href=\"http:\/\/www.government.gov.sk\/\">Government Office of the Slovak Republic<\/a><\/li>\n<\/ul>\n<div><\/div>\n<ul>\n<li><a href=\"http:\/\/www.telecom.gov.sk\/index\/index.php?lang=en\" target=\"_blank\">Ministry of \u00a0Transportation, Construction and Regional Development of the \u00a0SR\u00a0<\/a><\/li>\n<li><a href=\"http:\/\/www.finance.gov.sk\/En\/Default.aspx\" target=\"_blank\">Ministry of Finance of the SR\u00a0<\/a><\/li>\n<li><a href=\"http:\/\/www.economy.gov.sk\/aboutus-tzz\/129946s\">Ministry of Economy of the SR<\/a><\/li>\n<li><a href=\"http:\/\/www.culture.gov.sk\/\" target=\"_blank\">Ministry of Culture of the SR<\/a><\/li>\n<li>Ministerstvo obrany SR<\/li>\n<li><a href=\"http:\/\/www.mpsr.sk\/en\/\" target=\"_blank\">Ministry of Agriculture and Rural Development of the SR<\/a><\/li>\n<li><a href=\"http:\/\/www.employment.gov.sk\/en.html\" target=\"_blank\">Ministry of Labour, Social Affairs and Family of the SR<\/a><\/li>\n<li>Ministerstvo spravodlivosti SR<\/li>\n<li><a href=\"http:\/\/www.minedu.sk\/about-the-ministry\/\">Ministry of Education, Science, Research and Sport of the SR<\/a><\/li>\n<li><a href=\"http:\/\/www.minv.sk\/?ministry-of-interior\" target=\"_blank\">Ministry of Interior of the SR<\/a><\/li>\n<li>Ministerstvo v\u00fdstavby a region\u00e1lneho rozvoja SR<\/li>\n<li><a href=\"http:\/\/www.foreign.gov.sk\/en\/home\">Ministry of Foreign and European Affairs of the SR<\/a><\/li>\n<li><a href=\"http:\/\/www.health.gov.sk\/Index.aspx\" target=\"_blank\">Ministry of Health of \u00a0SR<\/a><\/li>\n<li><a href=\"http:\/\/www.minzp.sk\/en\/\" target=\"_blank\">Ministry of Environment of the \u00a0SR<\/a><\/li>\n<\/ul>\n<h4>In\u00e9 in\u0161tit\u00facie \u0161t\u00e1tnej spr\u00e1vy<\/h4>\n<ul>\n<li><a href=\"http:\/\/www.vop.gov.sk\/langEnglish\" target=\"_blank\">Office of the Public Defender of Rights<\/a><\/li>\n<li><a href=\"http:\/\/www.sav.sk\/index.php?&amp;lang_change=en\" target=\"_blank\">Slovak Academy of Sciences<\/a><\/li>\n<li><a href=\"http:\/\/www.snslp.sk\/?locale=en\" target=\"_blank\">Slovak National Centre for Human Rights<\/a><\/li>\n<li><a href=\"http:\/\/portal.statistics.sk\/showdoc.do?docid=359\" target=\"_blank\">Statistical Office of the SR<\/a><\/li>\n<li><a href=\"http:\/\/www.tasr.sk\/english\" target=\"_blank\">The News Agency of the SR<\/a><\/li>\n<li><a href=\"http:\/\/www.dataprotection.gov.sk\/buxus\/generate_page.php?page_id=93&amp;buxus=18f14bb1966a4ca9b453e447eee9b378\" target=\"_blank\">The Office for Personal Data Protection of the SR<\/a><\/li>\n<li>\u00darad pre Slov\u00e1kov \u017eij\u00facich v zahrani\u010d\u00ed<\/li>\n<li><a href=\"http:\/\/www.upn.gov.sk\/english\/\" target=\"_blank\">The Nation&#8217;s Memory Institute\u00a0<\/a><\/li>\n<\/ul>\n<p>&nbsp;<\/p>\n","protected":false},"excerpt":{"rendered":"<p>Ministerstv\u00e1 a ostatn\u00e9 \u00fastredn\u00e9 org\u00e1ny \u0161t\u00e1tnej spr\u00e1vy Office of the President of the SR National Council of the SR Government Office of the Slovak Republic Ministry of \u00a0Transportation, Construction and Regional Development of the \u00a0SR\u00a0 Ministry of Finance of the SR\u00a0 Ministry of Economy of the SR Ministry of Culture of the SR Ministerstvo obrany [&hellip;]<\/p>\n","protected":false},"author":1,"featured_media":0,"parent":0,"menu_order":0,"comment_status":"open","ping_status":"open","template":"","meta":[],"_links":{"self":[{"href":"http:\/\/odz.sk\/en\/wp-json\/wp\/v2\/pages\/68"}],"collection":[{"href":"http:\/\/odz.sk\/en\/wp-json\/wp\/v2\/pages"}],"about":[{"href":"http:\/\/odz.sk\/en\/wp-json\/wp\/v2\/types\/page"}],"author":[{"embeddable":true,"href":"http:\/\/odz.sk\/en\/wp-json\/wp\/v2\/users\/1"}],"replies":[{"embeddable":true,"href":"http:\/\/odz.sk\/en\/wp-json\/wp\/v2\/comments?post=68"}],"version-history":[{"count":11,"href":"http:\/\/odz.sk\/en\/wp-json\/wp\/v2\/pages\/68\/revisions"}],"predecessor-version":[{"id":290,"href":"http:\/\/odz.sk\/en\/wp-json\/wp\/v2\/pages\/68\/revisions\/290"}],"wp:attachment":[{"href":"http:\/\/odz.sk\/en\/wp-json\/wp\/v2\/media?parent=68"}],"curies":[{"name":"wp","href":"https:\/\/api.w.org\/{rel}","templated":true}]}}