{"id":85,"date":"2018-02-08T15:09:44","date_gmt":"2018-02-08T15:09:44","guid":{"rendered":"http:\/\/odz.sk\/en\/?page_id=85"},"modified":"2021-09-27T12:12:12","modified_gmt":"2021-09-27T12:12:12","slug":"publications","status":"publish","type":"page","link":"http:\/\/odz.sk\/en\/publications\/","title":{"rendered":"PUBLICATIONS"},"content":{"rendered":"<h3><strong>Published recently:<\/strong><\/h3>\n<h5><a href=\"http:\/\/odz.sk\/en\/childbirth-rights-pandemic\/\">CHILDBIRTH \u2013 RIGHTS \u2013 PANDEMIC: Monitoring Report on Violations of the Human Rights of Women in the Provision of Childbirth Care in Healthcare Facilities in Slovakia During the COVID-19 Pandemic<\/a><\/h5>\n<p><a href=\"http:\/\/odz.sk\/en\/childbirth-rights-pandemic\/\"><img loading=\"lazy\" src=\"http:\/\/odz.sk\/en\/wp-content\/uploads\/PPP_knihy_obalky_thumb_155x155.jpg\" alt=\"PPP_knihy_obalky_thumb_155x155\" width=\"155\" height=\"155\" class=\"alignleft size-full wp-image-802\" srcset=\"http:\/\/odz.sk\/en\/wp-content\/uploads\/PPP_knihy_obalky_thumb_155x155.jpg 155w, http:\/\/odz.sk\/en\/wp-content\/uploads\/PPP_knihy_obalky_thumb_155x155-150x150.jpg 150w\" sizes=\"(max-width: 155px) 100vw, 155px\" \/><\/a><br \/>\nThe publication published in April 2021 in Slovak presents the results of monitoring designed to identify and describe violations of the human rights of women in the provision of antenatal and childbirth care in healthcare facilities in Slovakia during the period between early March 2020 and the end of June 2020 (a period often referred to as the first wave of the COVID-19 pandemic). The monitoring was carried out using several methods, the primary source of information being an internet survey among women about their experience with the provision of healthcare before, during and after childbirth during the said period. An English version of the publication will be published before the end of this year. <\/p>\n<p>The findings from the monitoring show that the pregnancy- and childbirth-related violations of human rights and internationally recognised medical standards that have already been documented in the CDA\u00b4s two previous reports, <a href=\"http:\/\/odz.sk\/en\/women-mothers-bodies\/\">WOMEN \u2013 MOTHERS \u2013 BODIES I<\/a> and <a href=\"http:\/\/odz.sk\/en\/women-mothers-bodies-2-systemic-aspects\/\">II<\/a> (see below), not only persisted during the first wave of the pandemic, but they were often either of much more massive extent or intensity, or acquired new forms. In the wake of the pandemic, Slovakia\u2019s institutionalised childbirth care system has once again proved not to be based on human rights and the latest evidence-based medical standards and recommendations of internationally recognised professional organisations.<br \/>\n<a href=\"http:\/\/odz.sk\/en\/childbirth-rights-pandemic\/\">Read more<\/a><\/p>\n<p>&nbsp;<\/p>\n<h3><strong>English:<\/strong><\/h3>\n<h5><a href=\"http:\/\/odz.sk\/en\/women-mothers-bodies-2-systemic-aspects\/\">WOMEN \u2013 MOTHERS \u2013 BODIES II: Systemic aspects of violations of women\u2019s human rights in birth care provided in healthcare facilities in Slovakia<\/a><\/h5>\n<p><a href=\"http:\/\/odz.sk\/en\/women-mothers-bodies-2-systemic-aspects\/\"><img loading=\"lazy\" src=\"http:\/\/odz.sk\/en\/wp-content\/uploads\/ZMT2_obalka_tit_150x150.png\" alt=\"ZMT2_obalka_tit_150x150\" width=\"150\" height=\"150\" class=\"alignleft size-full wp-image-616\" \/><\/a> The book is a sequel to <a href=\"http:\/\/odz.sk\/en\/women-mothers-bodies\/\">WOMEN &#8211; MOTHERS &#8211; BODIES: Women\u2019s Human Rights in Obstetric Care in Healthcare Facilities in Slovakia<\/a> that gave pilot insights into the violations of women\u2019s human rights in Slovak birthing facilities from the perspective of women as rights holders. The publication &#8220;II&#8221; seeks to describe <strong>some of these causes and various other system-level aspects related to the violations of women\u2019s human rights in Slovak birthing facilities<\/strong>. To identify these causes, a series of in-depth interviews with obstetricians and midwives proved to be an important source of information. In a number of places, the publication compares and confronts the views and opinions of healthcare personnel and women. <\/p>\n<p>It focuses on the institutional and organizational setting of birthing facilities and hierarchical arrangements of power and authority within them; on decision-making mechanisms regarding how care is to be provided in a particular case; on the mechanisms preserving the status quo; on personal and other resources, including hospital equipment; and also on how obstetricians and midwives are trained, or how they perceive women giving birth.<br \/>\n<a href=\"http:\/\/odz.sk\/en\/women-mothers-bodies-2-systemic-aspects\/\">Read more<\/a><\/p>\n<p>&nbsp;<\/p>\n<h5><a href=\"http:\/\/odz.sk\/en\/women-mothers-bodies\/\">WOMEN &#8211; MOTHERS &#8211; BODIES. Women\u2019s Human Rights in Obstetric Care in Healthcare Facilities in Slovakia<\/a><\/h5>\n<p><a href=\"http:\/\/odz.sk\/en\/women-mothers-bodies\/\"><img loading=\"lazy\" src=\"http:\/\/odz.sk\/en\/wp-content\/uploads\/Z-M-T_obalka_thumb_150x150.jpg\" alt=\"Z-M-T_obalka_thumb_150x150\" width=\"150\" height=\"150\" class=\"alignleft size-full wp-image-365\" \/><\/a> The publication is the first one to discuss <strong>obstetric care in the Slovak Republic from the perspective of women\u2019s human rights<\/strong>. It summarizes the results of more than two years of intensive efforts of our organisation in cooperation with NGO <a href=\"http:\/\/zenskekruhy.sk\/\">Women\u2019s Circles<\/a>, which carried out a pilot study and human rights monitoring, involving also standard methods of social scientific research. Authors of the publication managed to offer many key perspectives currently missing in obstetric care in Slovakia, including both the authentic experiences of women, and a women\u2019s human rights perspective, among others. <\/p>\n<p>The publication consists of four chapters. An <strong>overview and summaries of individual chapters<\/strong> are available in English:<\/p>\n<ol>\n<li>Human rights at childbirth: basic international and national standards<\/li>\n<li>Internationally recognised medical guidelines on the provision of birth-related healthcare<\/li>\n<li>Birthing experience in a Slovak healthcare facility through the lens of women\u2019s human rights<\/li>\n<li>Information provided by healthcare facilities in Slovakia before birth<\/li>\n<\/ol>\n<p><strong>Conclusions<\/strong> as well as <strong>6 annexes<\/strong> are available in full extent in English, too.<br \/>\n<a href=\"http:\/\/odz.sk\/en\/women-mothers-bodies\/\">Read more<\/a><\/p>\n<p>&nbsp;<\/p>\n<h5><a href=\"http:\/\/odz.sk\/en\/calculated-injustice-the-slovak-republics-failure\/\">CALCULATED INJUSTICE. The Slovak Republic\u00b4s Failure to Ensure Access to Contraceptives<\/a><\/h5>\n<p><a href=\"http:\/\/odz.sk\/en\/calculated-injustice-the-slovak-republics-failure\/\"><img loading=\"lazy\" src=\"http:\/\/odz.sk\/en\/wp-content\/uploads\/vyp_ne_en-242x300-e1632419427850.jpg\" alt=\"vyp_ne_en-242x300\" width=\"150\" height=\"186\" class=\"alignleft size-full wp-image-86\" \/><\/a> <\/p>\n<p>The analytical report describes and analyses <strong>legal, political and social factors that create barriers to access by women and adolescent girls to modern contraceptives<\/strong>. The report is based on in-depth interviews with 29 women of reproductive age and with 39 experts. The report builds on an analysis of national and international law and policies, as well as on published materials concerning contraceptives. The conclusions contain recommendations for key stakeholders.<\/p>\n<p><strong>Authors:<\/strong><br \/>\nChristina Zampas, Roseanne Kross, Adriana Lama\u010dkov\u00e1, Janka Debrec\u00e9niov\u00e1<\/p>\n<p><strong>Published by:<\/strong> Center for Reproductive Rights (New York), Mo\u017enos\u0165 vo\u013eby, Citizen, Democracy and Accountability (Bratislava)<\/p>\n<p><a href=\"http:\/\/odz.sk\/en\/calculated-injustice-the-slovak-republics-failure\/\">Read more<\/a><\/p>\n<p>&nbsp;<\/p>\n<h3><strong>Slovak:<\/strong><\/h3>\n<ul>\n<li><a title=\"Antidiskrimina\u010dn\u00fd z\u00e1kon - Koment\u00e1r\" href=\"http:\/\/odz.sk\/?p=635\">Antidiskrimina\u010dn\u00fd z\u00e1kon &#8211; Koment\u00e1r<\/a><\/li>\n<li><a href=\"http:\/\/odz.sk\/?p=649\">Monitoring m\u00e9di\u00ed v oblasti (anti)diskrimin\u00e1cie<\/a><\/li>\n<li><a href=\"http:\/\/odz.sk\/?p=660\">Na ceste k rovnosti<\/a><\/li>\n<li><a href=\"http:\/\/odz.sk\/?p=671\">\u010co (ne)vieme o diskrimin\u00e1cii<\/a><\/li>\n<li><a href=\"http:\/\/odz.sk\/?p=677\">Ob\u010dan a demokracia &#8211; pr\u00e1vo na ka\u017ed\u00fd de\u0148 (metodick\u00e1 pr\u00edru\u010dka)<\/a><\/li>\n<li><a href=\"http:\/\/odz.sk\/?p=681\">Ob\u010dan a demokracia &#8211; pr\u00e1vo na ka\u017ed\u00fd de\u0148 &#8211; T\u00e9ma 1<\/a><\/li>\n<li><a href=\"http:\/\/odz.sk\/?p=685\">Ob\u010dan a demokracia &#8211; pr\u00e1vo na ka\u017ed\u00fd de\u0148 &#8211; T\u00e9ma 2<\/a><\/li>\n<li><a href=\"http:\/\/odz.sk\/?p=693\">Ob\u010dan a demokracia &#8211; pr\u00e1vo na ka\u017ed\u00fd de\u0148 &#8211; T\u00e9ma 3<\/a><\/li>\n<li><a href=\"http:\/\/odz.sk\/?p=699\">Ob\u010dan a demokracia &#8211; pr\u00e1vo na ka\u017ed\u00fd de\u0148 &#8211; T\u00e9ma 4<\/a><\/li>\n<li><a href=\"http:\/\/odz.sk\/?p=702\">Ob\u010dan a demokracia &#8211; pr\u00e1vo na ka\u017ed\u00fd de\u0148 &#8211; T\u00e9ma 5<\/a><\/li>\n<li><a href=\"http:\/\/odz.sk\/?p=707\">Rodov\u00e1 rovnos\u0165<\/a><\/li>\n<li><a href=\"http:\/\/odz.sk\/?p=710\">Pr\u00e1vo na pr\u00e1cu<\/a><\/li>\n<li><a href=\"http:\/\/odz.sk\/?p=713\">Ob\u010dan a demokracia &#8211; pr\u00e1vo na ka\u017ed\u00fd de\u0148 &#8211; T\u00e9ma: Pr\u00e1vo Eur\u00f3pskej \u00fanie<\/a><\/li>\n<li><a href=\"http:\/\/odz.sk\/?p=716\">Ob\u010dan a demokracia &#8211; pr\u00e1vo na ka\u017ed\u00fd de\u0148 &#8211; T\u00e9ma: Sloboda prejavu<\/a><\/li>\n<li><a href=\"http:\/\/odz.sk\/?p=723\">Pr\u00e1vo na inform\u00e1cie<\/a><\/li>\n<li><a href=\"http:\/\/odz.sk\/?p=727\">Zhroma\u017edenia<\/a><\/li>\n<li><a href=\"http:\/\/odz.sk\/?p=730\">Ru\u017eov\u00fd a modr\u00fd svet. Rodov\u00e9 stereotypy a ich d\u00f4sledky<\/a><\/li>\n<li><a href=\"http:\/\/odz.sk\/?p=734\">Nevidite\u013en\u00e1 men\u0161ina. \u010co (ne)vieme o sexu\u00e1lnej orient\u00e1cii<\/a>><\/li>\n<li><a href=\"http:\/\/odz.sk\/?p=739\">\u00da\u010das\u0165 na spr\u00e1ve vec\u00ed verejn\u00fdch a men\u0161iny<\/a><\/li>\n<li><a href=\"http:\/\/odz.sk\/?p=742\">Men\u0161iny v zrkadle dvoch volebn\u00fdch obdob\u00ed \/ Zva\u017euj ako rozhodne\u0161<\/a><\/li>\n<li><a href=\"http:\/\/odz.sk\/?p=745\">Implementation of the Free Information Access Act at Selected Authorities of Public Administration<\/a><\/li>\n<li><a href=\"http:\/\/odz.sk\/?p=754\">Pr\u00e1vo na ka\u017ed\u00fd de\u0148 &#8211; Metodick\u00e1 pr\u00edru\u010dka<\/a><\/li>\n<li><a href=\"http:\/\/odz.sk\/?p=761\">\u010co nie je tajn\u00e9 je verejn\u00e9<\/a><\/li>\n<li><a href=\"http:\/\/odz.sk\/?p=764\">\u00davod do Eur\u00f3pskeho dohovoru o \u013eudsk\u00fdch pr\u00e1vach (Slovak translation)<\/a><\/li>\n<li><a href=\"http:\/\/odz.sk\/?p=768\">Ob\u010dan a verejn\u00e1 spr\u00e1va<\/a><\/li>\n<li><a href=\"http:\/\/odz.sk\/?p=773\">\u00dastava Spojen\u00fdch \u0161t\u00e1tov americk\u00fdch\u00a0(Slovak translation)<\/a><\/li>\n<li><a href=\"http:\/\/odz.sk\/?p=776\">Metodick\u00e1 pr\u00edru\u010dka Ob\u010dan a demokracia<\/a><\/li>\n<li><a href=\"http:\/\/odz.sk\/?p=779\">Ob\u010dan a demokracia<\/a><\/li>\n<li><a href=\"http:\/\/odz.sk\/?p=2013\">V\u00fdpovede o pr\u00e1ci v r\u00f3mskej komunite<\/a><\/li>\n<\/ul>\n<p>&nbsp;<\/p>\n<p>&nbsp;<\/p>\n<p>&nbsp;<\/p>\n","protected":false},"excerpt":{"rendered":"<p>Published recently: CHILDBIRTH \u2013 RIGHTS \u2013 PANDEMIC: Monitoring Report on Violations of the Human Rights of Women in the Provision of Childbirth Care in Healthcare Facilities in Slovakia During the COVID-19 Pandemic The publication published in April 2021 in Slovak presents the results of monitoring designed to identify and describe violations of the human rights [&hellip;]<\/p>\n","protected":false},"author":1,"featured_media":0,"parent":0,"menu_order":0,"comment_status":"open","ping_status":"open","template":"","meta":[],"_links":{"self":[{"href":"http:\/\/odz.sk\/en\/wp-json\/wp\/v2\/pages\/85"}],"collection":[{"href":"http:\/\/odz.sk\/en\/wp-json\/wp\/v2\/pages"}],"about":[{"href":"http:\/\/odz.sk\/en\/wp-json\/wp\/v2\/types\/page"}],"author":[{"embeddable":true,"href":"http:\/\/odz.sk\/en\/wp-json\/wp\/v2\/users\/1"}],"replies":[{"embeddable":true,"href":"http:\/\/odz.sk\/en\/wp-json\/wp\/v2\/comments?post=85"}],"version-history":[{"count":24,"href":"http:\/\/odz.sk\/en\/wp-json\/wp\/v2\/pages\/85\/revisions"}],"predecessor-version":[{"id":825,"href":"http:\/\/odz.sk\/en\/wp-json\/wp\/v2\/pages\/85\/revisions\/825"}],"wp:attachment":[{"href":"http:\/\/odz.sk\/en\/wp-json\/wp\/v2\/media?parent=85"}],"curies":[{"name":"wp","href":"https:\/\/api.w.org\/{rel}","templated":true}]}}