{"id":90,"date":"2012-10-23T22:07:48","date_gmt":"2012-10-23T22:07:48","guid":{"rendered":"http:\/\/odz.sk\/en\/?page_id=90"},"modified":"2023-01-31T20:32:31","modified_gmt":"2023-01-31T20:32:31","slug":"information-for-media","status":"publish","type":"page","link":"http:\/\/odz.sk\/en\/information-for-media\/","title":{"rendered":"INFORMATION FOR MEDIA"},"content":{"rendered":"<ul>\n<li><a href=\"http:\/\/odz.sk\/?cat=10\">Press releases<\/a><\/li>\n<li><a href=\"http:\/\/odz.sk\/?cat=8\">CDA in media<\/a><\/li>\n<li><a href=\"http:\/\/odz.sk\/\">Latest news<\/a><\/li>\n<li><a href=\"http:\/\/odz.sk\/?page_id=1025\">CDA in brief<\/a><\/li>\n<\/ul>\n<h3>Information on discrimination<\/h3>\n<ul>\n<li><a href=\"http:\/\/www.diskriminacia.sk\/\">www.diskriminacia.sk<\/a><\/li>\n<\/ul>\n<div>&nbsp;<\/div>\n<h3>Contact for media<\/h3>\n<p><strong>\u013dubica Trub\u00edniov\u00e1<\/strong><\/p>\n<p>media manager<\/p>\n<p>0905 271&nbsp;888<\/p>\n<p><a href=\"mailto:trubiniova@odz.sk\">trubiniova@odz.sk<\/a><\/p>\n<div>&nbsp;<\/div>\n<p><strong>Ob\u010dan, demokracia a&nbsp;zodpovednos\u0165 (Citizen, Democracy and Accountability)<\/strong><\/p>\n<p><a href=\"mailto:odz@odz.sk\">odz@odz.sk<\/a>,&nbsp;<a href=\"mailto:sekretariat@odz.sk\">sekretariat@odz.sk<\/a><\/p>\n<div>&nbsp;<\/div>\n","protected":false},"excerpt":{"rendered":"<p>Press releases CDA in media Latest news CDA in brief Information on discrimination www.diskriminacia.sk &nbsp; Contact for media \u013dubica Trub\u00edniov\u00e1 media manager 0905 271&nbsp;888 trubiniova@odz.sk &nbsp; Ob\u010dan, demokracia a&nbsp;zodpovednos\u0165 (Citizen, Democracy and Accountability) odz@odz.sk,&nbsp;sekretariat@odz.sk &nbsp;<\/p>\n","protected":false},"author":1,"featured_media":0,"parent":0,"menu_order":0,"comment_status":"open","ping_status":"open","template":"","meta":[],"_links":{"self":[{"href":"http:\/\/odz.sk\/en\/wp-json\/wp\/v2\/pages\/90"}],"collection":[{"href":"http:\/\/odz.sk\/en\/wp-json\/wp\/v2\/pages"}],"about":[{"href":"http:\/\/odz.sk\/en\/wp-json\/wp\/v2\/types\/page"}],"author":[{"embeddable":true,"href":"http:\/\/odz.sk\/en\/wp-json\/wp\/v2\/users\/1"}],"replies":[{"embeddable":true,"href":"http:\/\/odz.sk\/en\/wp-json\/wp\/v2\/comments?post=90"}],"version-history":[{"count":9,"href":"http:\/\/odz.sk\/en\/wp-json\/wp\/v2\/pages\/90\/revisions"}],"predecessor-version":[{"id":946,"href":"http:\/\/odz.sk\/en\/wp-json\/wp\/v2\/pages\/90\/revisions\/946"}],"wp:attachment":[{"href":"http:\/\/odz.sk\/en\/wp-json\/wp\/v2\/media?parent=90"}],"curies":[{"name":"wp","href":"https:\/\/api.w.org\/{rel}","templated":true}]}}